{"id":474,"date":"2017-12-28T15:39:43","date_gmt":"2017-12-28T14:39:43","guid":{"rendered":"http:\/\/www.pachamamaorganic.eu\/?page_id=474"},"modified":"2021-02-22T17:18:54","modified_gmt":"2021-02-22T16:18:54","slug":"etica","status":"publish","type":"page","link":"https:\/\/pachamamaorganic.eu\/es\/etica\/","title":{"rendered":"\u00c9tica"},"content":{"rendered":"<p><img loading=\"lazy\" decoding=\"async\" class=\"alignnone wp-image-855 size-large\" src=\"https:\/\/pachamamaorganic.eu\/wp-content\/uploads\/2021\/02\/pachamama_organic_ethical_food_choices-683x1024.jpg\" alt=\"\" width=\"683\" height=\"1024\" srcset=\"https:\/\/pachamamaorganic.eu\/wp-content\/uploads\/2021\/02\/pachamama_organic_ethical_food_choices-683x1024.jpg 683w, https:\/\/pachamamaorganic.eu\/wp-content\/uploads\/2021\/02\/pachamama_organic_ethical_food_choices-200x300.jpg 200w, https:\/\/pachamamaorganic.eu\/wp-content\/uploads\/2021\/02\/pachamama_organic_ethical_food_choices-768x1151.jpg 768w, https:\/\/pachamamaorganic.eu\/wp-content\/uploads\/2021\/02\/pachamama_organic_ethical_food_choices-1025x1536.jpg 1025w, https:\/\/pachamamaorganic.eu\/wp-content\/uploads\/2021\/02\/pachamama_organic_ethical_food_choices.jpg 1200w\" sizes=\"auto, (max-width: 683px) 100vw, 683px\" \/><br \/>Lo que comemos nos define y moldea. Es nuestra fuente vital, el unificador social principal, nuestra medicina m\u00e1s efectiva. Sobre todo, es nuestra conexi\u00f3n m\u00e1s directa y profunda con el mundo natural.<\/p>\n<p>Nos proporciona placer, cura nuestros dolores, transforma nuestros cuerpos, afecta nuestro car\u00e1cter y nos caracteriza completamente desde dentro hacia fuera. Un peque\u00f1o cambio en torno a la comida, te transformar\u00e1 a ti y a tu entorno de una manera que no otras muchas cosas podr\u00edan.<\/p>\n<p>La manera m\u00e1s directa de transformar nuestro mundo es tomando decisiones sostenibles diarias e individuales. No solo en cuanto a la comida y todos sus aspectos pr\u00e1cticos de producci\u00f3n, si no en cuanto a nuestra vida.<\/p>\n<p>Sigue leyendo para averiguar c\u00f3mo se reflejan estas decisiones sostenibles en <a href=\"https:\/\/pachamamaorganic.eu\/es\/etica\/nuestra_cocina\/\">nuestra cocina<\/a> as\u00ed como en <a href=\"https:\/\/pachamamaorganic.eu\/es\/etica\/nuestra-huerta\/\">nuestra huerta<\/a>.<\/p>\n\n\n<p><\/p>\n","protected":false},"excerpt":{"rendered":"<p>Lo que comemos nos define y moldea. Es nuestra fuente vital, el unificador social principal, nuestra medicina m\u00e1s efectiva. Sobre todo, es nuestra conexi\u00f3n m\u00e1s directa y profunda con el mundo natural. Nos proporciona placer, cura nuestros dolores, transforma nuestros cuerpos, afecta nuestro car\u00e1cter y nos caracteriza completamente desde dentro hacia fuera. Un peque\u00f1o cambio&#8230;<\/p>\n<p><a class=\"more-link\" href=\"https:\/\/pachamamaorganic.eu\/es\/etica\/\">Read More<\/a><\/p>","protected":false},"author":3,"featured_media":0,"parent":0,"menu_order":0,"comment_status":"closed","ping_status":"closed","template":"","meta":{"_exactmetrics_skip_tracking":false,"_exactmetrics_sitenote_active":false,"_exactmetrics_sitenote_note":"","_exactmetrics_sitenote_category":0,"_genesis_hide_title":false,"_genesis_hide_breadcrumbs":false,"_genesis_hide_singular_image":false,"_genesis_hide_footer_widgets":false,"_genesis_custom_body_class":"","_genesis_custom_post_class":"","_genesis_layout":"","footnotes":""},"class_list":{"0":"post-474","1":"page","2":"type-page","3":"status-publish","5":"entry","6":"has-post-thumbnail"},"_links":{"self":[{"href":"https:\/\/pachamamaorganic.eu\/es\/wp-json\/wp\/v2\/pages\/474","targetHints":{"allow":["GET"]}}],"collection":[{"href":"https:\/\/pachamamaorganic.eu\/es\/wp-json\/wp\/v2\/pages"}],"about":[{"href":"https:\/\/pachamamaorganic.eu\/es\/wp-json\/wp\/v2\/types\/page"}],"author":[{"embeddable":true,"href":"https:\/\/pachamamaorganic.eu\/es\/wp-json\/wp\/v2\/users\/3"}],"replies":[{"embeddable":true,"href":"https:\/\/pachamamaorganic.eu\/es\/wp-json\/wp\/v2\/comments?post=474"}],"version-history":[{"count":3,"href":"https:\/\/pachamamaorganic.eu\/es\/wp-json\/wp\/v2\/pages\/474\/revisions"}],"predecessor-version":[{"id":858,"href":"https:\/\/pachamamaorganic.eu\/es\/wp-json\/wp\/v2\/pages\/474\/revisions\/858"}],"wp:attachment":[{"href":"https:\/\/pachamamaorganic.eu\/es\/wp-json\/wp\/v2\/media?parent=474"}],"curies":[{"name":"wp","href":"https:\/\/api.w.org\/{rel}","templated":true}]}}