{"id":476,"date":"2017-12-28T15:49:01","date_gmt":"2017-12-28T14:49:01","guid":{"rendered":"http:\/\/www.pachamamaorganic.eu\/?page_id=476"},"modified":"2021-02-22T16:38:42","modified_gmt":"2021-02-22T15:38:42","slug":"nuestra-huerta","status":"publish","type":"page","link":"https:\/\/pachamamaorganic.eu\/es\/etica\/nuestra-huerta\/","title":{"rendered":"Nuestra huerta"},"content":{"rendered":"<p><img loading=\"lazy\" decoding=\"async\" class=\"alignnone wp-image-833 size-large\" src=\"https:\/\/pachamamaorganic.eu\/wp-content\/uploads\/2021\/02\/pachamama_organic_plantbased_cuisine-683x1024.jpg\" alt=\"\" width=\"683\" height=\"1024\" srcset=\"https:\/\/pachamamaorganic.eu\/wp-content\/uploads\/2021\/02\/pachamama_organic_plantbased_cuisine-683x1024.jpg 683w, https:\/\/pachamamaorganic.eu\/wp-content\/uploads\/2021\/02\/pachamama_organic_plantbased_cuisine-200x300.jpg 200w, https:\/\/pachamamaorganic.eu\/wp-content\/uploads\/2021\/02\/pachamama_organic_plantbased_cuisine-768x1151.jpg 768w, https:\/\/pachamamaorganic.eu\/wp-content\/uploads\/2021\/02\/pachamama_organic_plantbased_cuisine-1025x1536.jpg 1025w, https:\/\/pachamamaorganic.eu\/wp-content\/uploads\/2021\/02\/pachamama_organic_plantbased_cuisine.jpg 1200w\" sizes=\"auto, (max-width: 683px) 100vw, 683px\" \/>Somos de una parte cocineros y de la otra hortelanos y amamos las dos de igual manera. La simbiosis entre cocina y huerta es el latido de nuestra filosof\u00eda gastron\u00f3mica. Las cocinas y las huertas se necesitan las unas a las otras. Cocinar y cultivar son dos conceptos inseparables, totalmente interdependientes y un d\u00fao \u00edntimo que refleja las necesidades y deseos del otro.<\/p>\n<p>Se proveen y se definen la una a la otra y no anhelan nada m\u00e1s. Cuanto m\u00e1s entrelazadas est\u00e1n, mejor para cada una de ellas. Es una relaci\u00f3n perfecta y pura, una harmon\u00eda como ninguna otra. Para nosotros, servir a esta relaci\u00f3n ha sido una experiencia fortalecedora.<\/p>\n<p>En lo m\u00e1s b\u00e1sico, la relaci\u00f3n entre cocina y huerta es un ciclo de preparaci\u00f3n, sembrado, cultivado, recolecci\u00f3n, cocinado, compostaje. Y as\u00ed se repite indefinidamente. Una vez que el equilibrio es el acertado, una huerta proveer\u00e1 sin fin a una cocina y la cocina har\u00e1 lo mismo a cambio.<\/p>\n<p>Una huerta se convierte en una despensa y, seg\u00fan va floreciendo, tambi\u00e9n lo har\u00e1 la cocina. As\u00ed que cuando se llena, la cocina simplemente tiene que entrar en acci\u00f3n. Armado con una abundancia de producci\u00f3n, el horticultor ahora tiene inspiraci\u00f3n, tiene razones para experimentar, crear, conservar y jugar con toda esa producci\u00f3n en la cocina.<\/p>\n<p>A cambio de esa abundancia, la cocina abastece a su generoso proveedor con el combustible vital y esencial que una huerta necesita para que contin\u00fae con la entrega de semejante abundancia de producci\u00f3n. El compost. Uno de los elixires m\u00e1s m\u00e1gicos, dadores de vida, que la naturaleza ofrece del cual todas las huertas son dependientes.<\/p>\n<p>El compost es uno de los pilares de cualquier huerta sostenible y la cocina es el principal proveedor. Olvidaros de convertir el agua en vino, la transformaci\u00f3n de lo sobrante de una cocina en la m\u00e1s perfecta fuente de energ\u00eda imaginable para las plantas es un verdadero milagro de magnitud religiosa. La cocina no tiene rival a la hora de proveer ingredientes para producir el compost de calidad que nuestras huertas desean.<\/p>\n<p>Y de esta manera, el c\u00edrculo se completa. Una huerta saludable genera una cocina saludable y viceversa. Adem\u00e1s, el resultado nutritivo de esta sinergia acaba en nuestros platos y no podr\u00eda ser m\u00e1s tentador. Brilla, resplandece, casi nos gui\u00f1a un ojo, conocedor de que es exactamente lo que tendr\u00edamos que estar comiendo. Y nos sienta genial.<br \/>\n<img loading=\"lazy\" decoding=\"async\" class=\"alignnone size-large wp-image-444\" src=\"https:\/\/pachamamaorganic.eu\/wp-content\/uploads\/2017\/09\/pitchfork-1024x222.png\" alt=\"\" width=\"980\" height=\"212\" srcset=\"https:\/\/pachamamaorganic.eu\/wp-content\/uploads\/2017\/09\/pitchfork.png 1024w, https:\/\/pachamamaorganic.eu\/wp-content\/uploads\/2017\/09\/pitchfork-300x65.png 300w, https:\/\/pachamamaorganic.eu\/wp-content\/uploads\/2017\/09\/pitchfork-768x166.png 768w\" sizes=\"auto, (max-width: 980px) 100vw, 980px\" \/><\/p>\n","protected":false},"excerpt":{"rendered":"<p>Somos de una parte cocineros y de la otra hortelanos y amamos las dos de igual manera. La simbiosis entre cocina y huerta es el latido de nuestra filosof\u00eda gastron\u00f3mica. Las cocinas y las huertas se necesitan las unas a las otras. Cocinar y cultivar son dos conceptos inseparables, totalmente interdependientes y un d\u00fao \u00edntimo&#8230;<\/p>\n<p><a class=\"more-link\" href=\"https:\/\/pachamamaorganic.eu\/es\/etica\/nuestra-huerta\/\">Read More<\/a><\/p>","protected":false},"author":3,"featured_media":0,"parent":474,"menu_order":0,"comment_status":"closed","ping_status":"closed","template":"","meta":{"_exactmetrics_skip_tracking":false,"_exactmetrics_sitenote_active":false,"_exactmetrics_sitenote_note":"","_exactmetrics_sitenote_category":0,"_genesis_hide_title":false,"_genesis_hide_breadcrumbs":false,"_genesis_hide_singular_image":false,"_genesis_hide_footer_widgets":false,"_genesis_custom_body_class":"","_genesis_custom_post_class":"","_genesis_layout":"","footnotes":""},"class_list":{"0":"post-476","1":"page","2":"type-page","3":"status-publish","5":"entry","6":"has-post-thumbnail"},"_links":{"self":[{"href":"https:\/\/pachamamaorganic.eu\/es\/wp-json\/wp\/v2\/pages\/476","targetHints":{"allow":["GET"]}}],"collection":[{"href":"https:\/\/pachamamaorganic.eu\/es\/wp-json\/wp\/v2\/pages"}],"about":[{"href":"https:\/\/pachamamaorganic.eu\/es\/wp-json\/wp\/v2\/types\/page"}],"author":[{"embeddable":true,"href":"https:\/\/pachamamaorganic.eu\/es\/wp-json\/wp\/v2\/users\/3"}],"replies":[{"embeddable":true,"href":"https:\/\/pachamamaorganic.eu\/es\/wp-json\/wp\/v2\/comments?post=476"}],"version-history":[{"count":2,"href":"https:\/\/pachamamaorganic.eu\/es\/wp-json\/wp\/v2\/pages\/476\/revisions"}],"predecessor-version":[{"id":836,"href":"https:\/\/pachamamaorganic.eu\/es\/wp-json\/wp\/v2\/pages\/476\/revisions\/836"}],"up":[{"embeddable":true,"href":"https:\/\/pachamamaorganic.eu\/es\/wp-json\/wp\/v2\/pages\/474"}],"wp:attachment":[{"href":"https:\/\/pachamamaorganic.eu\/es\/wp-json\/wp\/v2\/media?parent=476"}],"curies":[{"name":"wp","href":"https:\/\/api.w.org\/{rel}","templated":true}]}}