{"id":478,"date":"2017-12-28T15:53:39","date_gmt":"2017-12-28T14:53:39","guid":{"rendered":"http:\/\/www.pachamamaorganic.eu\/?page_id=478"},"modified":"2021-02-22T16:52:54","modified_gmt":"2021-02-22T15:52:54","slug":"nuestra_cocina","status":"publish","type":"page","link":"https:\/\/pachamamaorganic.eu\/es\/etica\/nuestra_cocina\/","title":{"rendered":"Nuestra Cocina"},"content":{"rendered":"<p><img loading=\"lazy\" decoding=\"async\" class=\"alignnone wp-image-841 size-large\" src=\"https:\/\/pachamamaorganic.eu\/wp-content\/uploads\/2021\/02\/pachamama_organic_ethical_plantbased_cuisine_andalucia-683x1024.jpg\" alt=\"\" width=\"683\" height=\"1024\" srcset=\"https:\/\/pachamamaorganic.eu\/wp-content\/uploads\/2021\/02\/pachamama_organic_ethical_plantbased_cuisine_andalucia-683x1024.jpg 683w, https:\/\/pachamamaorganic.eu\/wp-content\/uploads\/2021\/02\/pachamama_organic_ethical_plantbased_cuisine_andalucia-200x300.jpg 200w, https:\/\/pachamamaorganic.eu\/wp-content\/uploads\/2021\/02\/pachamama_organic_ethical_plantbased_cuisine_andalucia-768x1151.jpg 768w, https:\/\/pachamamaorganic.eu\/wp-content\/uploads\/2021\/02\/pachamama_organic_ethical_plantbased_cuisine_andalucia-1025x1536.jpg 1025w, https:\/\/pachamamaorganic.eu\/wp-content\/uploads\/2021\/02\/pachamama_organic_ethical_plantbased_cuisine_andalucia.jpg 1200w\" sizes=\"auto, (max-width: 683px) 100vw, 683px\" \/><br \/>\nPara nosotros, la manera m\u00e1s directa en la que podemos mejorar nuestra salud comiendo al mismo tiempo que cuidamos de la Madre Tierra es ofrecer productos 100% org\u00e1nicos y, en su mayor\u00eda, basados en verduras y hortalizas cultivadas en un ambiente respetuoso y consciente. As\u00ed es como creemos formar parte de la soluci\u00f3n. Cualquier contribuci\u00f3n, por peque\u00f1a que sea a esta soluci\u00f3n, acabar\u00e1 provocando una gran diferencia en cuanto a la salud de nuestro planeta.<\/p>\n<p>\u00a1Y menudo planeta milagroso que es! La perfecta ida y venida de las estaciones, las distintas mareas, las lunas crecientes y menguantes. Cada ciclo nos trae sus propios regalos de abundancia. Tan milagroso es que incluso la fruta y la verdura en su punto perfecto de recogida cuando est\u00e1 m\u00e1s jugosa y deliciosa, tambi\u00e9n se encuentra en su punto nutricional \u00e1lgido. \u00a1Exactamente lo que nuestro paladar y nuestro cuerpo necesita!<\/p>\n<p>La mejor manera para sintonizar con este gran ciclo vital m\u00e1gico es ponernos manos a la obra y cultivar nuestra propia comida. Cuando la huerta y la cocina se unen producen una maravillosa alquimia. Los restos org\u00e1nicos de la cocina se convierten en un rico suelo donde las plantas crecen. Y los cultivos se convierten en la principal inspiraci\u00f3n de la cocina.<\/p>\n<p>La versatilidad de las plantas que cultivamos y comemos es infinita: existen muchas maneras en las que podemos transformarlas en multitud de platos, muchas maneras de conservarlas, sec\u00e1ndolas, ferment\u00e1ndolas\u2026 Incontables maneras de explorar los ingredientes, que no son por s\u00ed solos deliciosos, si no que nutren nuestros cuerpos e incluso nos ofrecen soporte para curarnos de enfermedades importantes.<\/p>\n<p>Creemos que, si comemos bien, si comemos de la forma que nuestro Creador ten\u00eda previsto para nosotros, nuestro cuerpo responder\u00e1 en consecuencia: en forma y con m\u00e1s energ\u00eda, unos ojos con chispa, una mente clara, m\u00e1s en l\u00ednea y con m\u00e1s sensibilidad hacia las fuerzas de la naturaleza que nos mueven.<\/p>\n<p>El resultado es un apasionante y gratificante viaje gastron\u00f3mico en una cocina din\u00e1mica y con vida propia. Los ingredientes org\u00e1nicos y naturales se convierten en los actores principales para completar su potencial. Cuando esos ingredientes brillan por s\u00ed mismos, te impresionar\u00e1n constantemente, mejor\u00e1ndote e inspir\u00e1ndote y, lo mejor de todo, lo har\u00e1n de la manera m\u00e1s deliciosa.<\/p>\n<p><img loading=\"lazy\" decoding=\"async\" class=\"alignnone wp-image-446 size-large\" src=\"https:\/\/pachamamaorganic.eu\/wp-content\/uploads\/2017\/09\/cutlery-1024x381.jpg\" alt=\"\" width=\"980\" height=\"365\" srcset=\"https:\/\/pachamamaorganic.eu\/wp-content\/uploads\/2017\/09\/cutlery.jpg 1024w, https:\/\/pachamamaorganic.eu\/wp-content\/uploads\/2017\/09\/cutlery-300x112.jpg 300w, https:\/\/pachamamaorganic.eu\/wp-content\/uploads\/2017\/09\/cutlery-768x286.jpg 768w\" sizes=\"auto, (max-width: 980px) 100vw, 980px\" \/><\/p>\n","protected":false},"excerpt":{"rendered":"<p>Para nosotros, la manera m\u00e1s directa en la que podemos mejorar nuestra salud comiendo al mismo tiempo que cuidamos de la Madre Tierra es ofrecer productos 100% org\u00e1nicos y, en su mayor\u00eda, basados en verduras y hortalizas cultivadas en un ambiente respetuoso y consciente. As\u00ed es como creemos formar parte de la soluci\u00f3n. Cualquier contribuci\u00f3n,&#8230;<\/p>\n<p><a class=\"more-link\" href=\"https:\/\/pachamamaorganic.eu\/es\/etica\/nuestra_cocina\/\">Read More<\/a><\/p>","protected":false},"author":3,"featured_media":0,"parent":474,"menu_order":0,"comment_status":"closed","ping_status":"closed","template":"","meta":{"_exactmetrics_skip_tracking":false,"_exactmetrics_sitenote_active":false,"_exactmetrics_sitenote_note":"","_exactmetrics_sitenote_category":0,"_genesis_hide_title":false,"_genesis_hide_breadcrumbs":false,"_genesis_hide_singular_image":false,"_genesis_hide_footer_widgets":false,"_genesis_custom_body_class":"","_genesis_custom_post_class":"","_genesis_layout":"","footnotes":""},"class_list":{"0":"post-478","1":"page","2":"type-page","3":"status-publish","5":"entry","6":"has-post-thumbnail"},"_links":{"self":[{"href":"https:\/\/pachamamaorganic.eu\/es\/wp-json\/wp\/v2\/pages\/478","targetHints":{"allow":["GET"]}}],"collection":[{"href":"https:\/\/pachamamaorganic.eu\/es\/wp-json\/wp\/v2\/pages"}],"about":[{"href":"https:\/\/pachamamaorganic.eu\/es\/wp-json\/wp\/v2\/types\/page"}],"author":[{"embeddable":true,"href":"https:\/\/pachamamaorganic.eu\/es\/wp-json\/wp\/v2\/users\/3"}],"replies":[{"embeddable":true,"href":"https:\/\/pachamamaorganic.eu\/es\/wp-json\/wp\/v2\/comments?post=478"}],"version-history":[{"count":3,"href":"https:\/\/pachamamaorganic.eu\/es\/wp-json\/wp\/v2\/pages\/478\/revisions"}],"predecessor-version":[{"id":843,"href":"https:\/\/pachamamaorganic.eu\/es\/wp-json\/wp\/v2\/pages\/478\/revisions\/843"}],"up":[{"embeddable":true,"href":"https:\/\/pachamamaorganic.eu\/es\/wp-json\/wp\/v2\/pages\/474"}],"wp:attachment":[{"href":"https:\/\/pachamamaorganic.eu\/es\/wp-json\/wp\/v2\/media?parent=478"}],"curies":[{"name":"wp","href":"https:\/\/api.w.org\/{rel}","templated":true}]}}