{"id":488,"date":"2017-12-28T16:38:20","date_gmt":"2017-12-28T15:38:20","guid":{"rendered":"http:\/\/www.pachamamaorganic.eu\/?page_id=488"},"modified":"2018-01-03T12:01:57","modified_gmt":"2018-01-03T11:01:57","slug":"colabora-con-nosotros","status":"publish","type":"page","link":"https:\/\/pachamamaorganic.eu\/es\/colabora-con-nosotros\/","title":{"rendered":"Colabora con nosotros"},"content":{"rendered":"<p><!-- Final Tiles Grid Gallery for WordPress v3.3.11 --><style>#ftg-44 .tile .icon { color:#ffffff; }#ftg-44 .ftg-items .loading-bar i { background:#fff; }#ftg-44 .ftg-items .loading-bar { background:#fff; }#ftg-44 .tile .icon { font-size:12px; }#ftg-44 .tile .icon { margin: -6px 0 0 -6px; }#ftg-44 .tile .caption-block .text-wrapper span.subtitle { font-size:12px; }#ftg-44 .tile .caption-block .text-wrapper span.title { font-size:14px; }#ftg-44 .tile { background-color: transparent; }#ftg-44 .tile .caption-block .text-wrapper span.subtitle { color: #ffffff; }#ftg-44 .tile .caption-block .text-wrapper span.title { color: #ffffff; }#ftg-44 .tile .ftg-social a { color: #ffffff; }#ftg-44 .tile .caption-block { transition-timing-function:linear; }#ftg-44 .tile .caption-block { transition-duration:0.25s; }#ftg-44 .tile .tile-inner:before { background-color: #ffffff; }#ftg-44 .tile .tile-inner:before { background-color: rgba(255, 255, 255, 0); }#ftg-44 .tile.ftg-preload { transform: scaleY(1) scaleX(1) translate(0px,0px) rotateX(0deg) rotateY(0deg); }#ftg-44 .tile.ftg-preload { transition: all ease-out 0.5s, opacity linear 0.5s; }#ftg-44 .tile img.item { transition-duration: 0.25s; }#ftg-44 .tile:hover img {-moz-transform: ;-webkit-transform: ;-o-transform: ;-ms-transform: ;transform: ;}<\/style><a name='4'><\/a><div class='final-tiles-gallery   caption-none caption-middle caption-center' id='ftg-44' style='width:100%'><div class='ftg-items'><div class='loading-bar'><i><\/i><\/div><div  class='tile ftg-preload  '><a data-title=\"la-pachamama_catering_retiros_yoga\"  rel='' target='_self' class=' tile-inner  ' href='https:\/\/pachamamaorganic.eu\/es\/colabora-con-nosotros\/catering_para_retiros\/' ><img alt='' class='item' data-class='item' data-ftg-src='https:\/\/pachamamaorganic.eu\/wp-content\/uploads\/2018\/01\/la-pachamama_catering_retiros_yoga.jpg' src='https:\/\/pachamamaorganic.eu\/wp-content\/uploads\/2018\/01\/la-pachamama_catering_retiros_yoga.jpg' width='680' height='798' \/><div class='caption-block'><div class='text-wrapper'><\/div><\/div><\/a><div class='ftg-social'><\/div><\/div><div  class='tile ftg-preload  '><a data-title=\"la-pachamama_catering_ecologico_bodas_eventos\"  rel='' target='_self' class=' tile-inner  ' href='https:\/\/pachamamaorganic.eu\/es\/colabora-con-nosotros\/bodas_eventos\/' ><img alt='' class='item' data-class='item' data-ftg-src='https:\/\/pachamamaorganic.eu\/wp-content\/uploads\/2018\/01\/la-pachamama_catering_ecologico_bodas_eventos.jpg' src='https:\/\/pachamamaorganic.eu\/wp-content\/uploads\/2018\/01\/la-pachamama_catering_ecologico_bodas_eventos.jpg' width='680' height='798' \/><div class='caption-block'><div class='text-wrapper'><\/div><\/div><\/a><div class='ftg-social'><\/div><\/div><div  class='tile ftg-preload  '><a data-title=\"la-pachamama_taller_retiro_nutricion\"  rel='' target='_self' class=' tile-inner  ' href='https:\/\/pachamamaorganic.eu\/es\/colabora-con-nosotros\/talleres-y-retiros\/' ><img alt='' class='item' data-class='item' data-ftg-src='https:\/\/pachamamaorganic.eu\/wp-content\/uploads\/2018\/01\/la-pachamama_taller_retiro_nutricion.jpg' src='https:\/\/pachamamaorganic.eu\/wp-content\/uploads\/2018\/01\/la-pachamama_taller_retiro_nutricion.jpg' width='680' height='798' \/><div class='caption-block'><div class='text-wrapper'><\/div><\/div><\/a><div class='ftg-social'><\/div><\/div><\/div><\/div><script type='text\/javascript'>jQuery('#ftg-44 img.item').removeAttr('src');jQuery(document).ready(function () {setTimeout(function () {jQuery('#ftg-44').finalTilesGallery({minTileWidth: 250,margin: 10,loadMethod: 'sequential',nonce: '511e1213e8',galleryId: '4',layout: 'columns',debug: false,gridSize: 0,disableGridSizeBelow: 800,allowEnlargement: true,columns: [[4000, 3],[1024, 3],[800, 3],[480, 3],[320, 3]],selectedFilter: 'n-a'});jQuery(function () {(function () {var rel = '';jQuery('#ftg-44 .ftg-lightbox').click(function (e) {rel = jQuery(this).attr('rel');jQuery('#ftg-44 .ftg-current').removeClass('ftg-current');jQuery('#ftg-44 [rel=\"'+rel+'\"]').addClass('ftg-current');});})();});}, 0);});<\/script><br \/>\n\u00bfQue mejor manera de crear recuerdos inolvidables para vuestra boda, evento o retiro que ofrecer comida que realmente armoniza con vuestros valores, el mensaje que quer\u00e9is transmitir y la atm\u00f3sfera que quer\u00e9is crear?<\/p>\n<p>Nos encanta ofrecer experiencias culinarias deliciosas y saludables para cada tipo de ocasi\u00f3n y llevamos haci\u00e9ndolo desde el 2008. Nos enorgullecemos de ofrecer un servicio profesional y amable y una presentaci\u00f3n fant\u00e1stica sin comprometer el sabor.<\/p>\n<p>Con un ojo impecable para el detalle y el estilo, podemos crear un men\u00fa personalizado para vuestro evento, siempre en colaboraci\u00f3n estrecha con vosotros.<\/p>\n<p>Pod\u00e9is encontrar m\u00e1s informaci\u00f3n en Catering para retiros y Bodas &amp; Eventos. \u00a1Estamos deseando colaborar con vosotros!<\/p>\n","protected":false},"excerpt":{"rendered":"<p>\u00bfQue mejor manera de crear recuerdos inolvidables para vuestra boda, evento o retiro que ofrecer comida que realmente armoniza con vuestros valores, el mensaje que quer\u00e9is transmitir y la atm\u00f3sfera que quer\u00e9is crear? Nos encanta ofrecer experiencias culinarias deliciosas y saludables para cada tipo de ocasi\u00f3n y llevamos haci\u00e9ndolo desde el 2008. Nos enorgullecemos de&#8230;<\/p>\n<p><a class=\"more-link\" href=\"https:\/\/pachamamaorganic.eu\/es\/colabora-con-nosotros\/\">Read More<\/a><\/p>","protected":false},"author":3,"featured_media":0,"parent":0,"menu_order":0,"comment_status":"closed","ping_status":"closed","template":"","meta":{"_exactmetrics_skip_tracking":false,"_exactmetrics_sitenote_active":false,"_exactmetrics_sitenote_note":"","_exactmetrics_sitenote_category":0,"_genesis_hide_title":false,"_genesis_hide_breadcrumbs":false,"_genesis_hide_singular_image":false,"_genesis_hide_footer_widgets":false,"_genesis_custom_body_class":"","_genesis_custom_post_class":"","_genesis_layout":"","footnotes":""},"class_list":{"0":"post-488","1":"page","2":"type-page","3":"status-publish","5":"entry"},"_links":{"self":[{"href":"https:\/\/pachamamaorganic.eu\/es\/wp-json\/wp\/v2\/pages\/488","targetHints":{"allow":["GET"]}}],"collection":[{"href":"https:\/\/pachamamaorganic.eu\/es\/wp-json\/wp\/v2\/pages"}],"about":[{"href":"https:\/\/pachamamaorganic.eu\/es\/wp-json\/wp\/v2\/types\/page"}],"author":[{"embeddable":true,"href":"https:\/\/pachamamaorganic.eu\/es\/wp-json\/wp\/v2\/users\/3"}],"replies":[{"embeddable":true,"href":"https:\/\/pachamamaorganic.eu\/es\/wp-json\/wp\/v2\/comments?post=488"}],"version-history":[{"count":2,"href":"https:\/\/pachamamaorganic.eu\/es\/wp-json\/wp\/v2\/pages\/488\/revisions"}],"predecessor-version":[{"id":548,"href":"https:\/\/pachamamaorganic.eu\/es\/wp-json\/wp\/v2\/pages\/488\/revisions\/548"}],"wp:attachment":[{"href":"https:\/\/pachamamaorganic.eu\/es\/wp-json\/wp\/v2\/media?parent=488"}],"curies":[{"name":"wp","href":"https:\/\/api.w.org\/{rel}","templated":true}]}}