{"id":500,"date":"2017-12-29T12:30:02","date_gmt":"2017-12-29T11:30:02","guid":{"rendered":"http:\/\/www.pachamamaorganic.eu\/?page_id=500"},"modified":"2021-03-01T12:18:42","modified_gmt":"2021-03-01T11:18:42","slug":"talleres","status":"publish","type":"page","link":"https:\/\/pachamamaorganic.eu\/es\/colabora-con-nosotros\/talleres\/","title":{"rendered":"Talleres"},"content":{"rendered":"<p><!-- Final Tiles Grid Gallery for WordPress v3.3.11 --><style>#ftg-1010 .tile .icon { color:#5b5146; }#ftg-1010 .ftg-items .loading-bar i { background:#666; }#ftg-1010 .ftg-items .loading-bar { background:#fff; }#ftg-1010 .tile .icon { font-size:12px; }#ftg-1010 .tile .icon { margin: -6px 0 0 -6px; }#ftg-1010 .tile .caption-block .text-wrapper span.subtitle { font-size:12px; }#ftg-1010 .tile .caption-block .text-wrapper span.title { font-size:14px; }#ftg-1010 .tile { background-color: transparent; }#ftg-1010 .tile .caption-block .text-wrapper span.subtitle { color: #5b5146; }#ftg-1010 .tile .caption-block .text-wrapper span.title { color: #5b5146; }#ftg-1010 .tile .ftg-social a { color: #5b5146; }#ftg-1010 .tile .caption-block { transition-timing-function:linear; }#ftg-1010 .tile .caption-block { transition-duration:0.25s; }#ftg-1010 .tile .tile-inner:before { background-color: #ffffff; }#ftg-1010 .tile .tile-inner:before { background-color: rgba(255, 255, 255, 0.8); }#ftg-1010 .tile.ftg-preload { transform: scaleY(0.5) scaleX(0.5) translate(0px,0px) rotateX(0deg) rotateY(0deg); }#ftg-1010 .tile.ftg-preload { transition: all cubic-bezier(.26,1.9,.4,.67) 0.6s, opacity linear 0.6s; }#ftg-1010 .tile img.item { transition-duration: 0.25s; }<\/style><a name='10'><\/a><div class='final-tiles-gallery social-icons-bottom social-icons-none  caption-none caption-top caption-center' id='ftg-1010' style='width:100%'><div class='ftg-items'><div class='loading-bar'><i><\/i><\/div><div  class='tile ftg-preload  '><a data-title=\"\"  rel=''  class=' tile-inner  ftg-lightbox' href='' ><img alt='' class='item' data-class='item' data-ftg-src='https:\/\/pachamamaorganic.eu\/wp-content\/uploads\/2021\/02\/pachamama_organic_vegan_workshop_tarifa-320x320.jpg' src='https:\/\/pachamamaorganic.eu\/wp-content\/uploads\/2021\/02\/pachamama_organic_vegan_workshop_tarifa-320x320.jpg' width='auto' height='auto' \/><span class='icon fa fa-heart-o'><\/span><div class='caption-block'><div class='text-wrapper'><\/div><\/div><\/a><div class='ftg-social'><a href='#' data-social='facebook' class='ftg-facebook'><i class='fa fa-facebook'><\/i><\/a><a href='#' data-social='pinterest' class='ftg-pinterest'><i class='fa fa-pinterest'><\/i><\/a><\/div><\/div><div  class='tile ftg-preload  '><a data-title=\"\"  rel=''  class=' tile-inner  ftg-lightbox' href='' ><img alt='' class='item' data-class='item' data-ftg-src='https:\/\/pachamamaorganic.eu\/wp-content\/uploads\/2021\/02\/pachamama_organic_wholefoods_workshop_tarifa-320x320.jpg' src='https:\/\/pachamamaorganic.eu\/wp-content\/uploads\/2021\/02\/pachamama_organic_wholefoods_workshop_tarifa-320x320.jpg' width='auto' height='auto' \/><span class='icon fa fa-heart-o'><\/span><div class='caption-block'><div class='text-wrapper'><\/div><\/div><\/a><div class='ftg-social'><a href='#' data-social='facebook' class='ftg-facebook'><i class='fa fa-facebook'><\/i><\/a><a href='#' data-social='pinterest' class='ftg-pinterest'><i class='fa fa-pinterest'><\/i><\/a><\/div><\/div><div  class='tile ftg-preload  '><a data-title=\"\"  rel=''  class=' tile-inner  ftg-lightbox' href='' ><img alt='' class='item' data-class='item' data-ftg-src='https:\/\/pachamamaorganic.eu\/wp-content\/uploads\/2021\/02\/pachamama_organic_vegan_workshop_raw-chocolate-tarifa-320x320.jpg' src='https:\/\/pachamamaorganic.eu\/wp-content\/uploads\/2021\/02\/pachamama_organic_vegan_workshop_raw-chocolate-tarifa-320x320.jpg' width='auto' height='auto' \/><span class='icon fa fa-heart-o'><\/span><div class='caption-block'><div class='text-wrapper'><\/div><\/div><\/a><div class='ftg-social'><a href='#' data-social='facebook' class='ftg-facebook'><i class='fa fa-facebook'><\/i><\/a><a href='#' data-social='pinterest' class='ftg-pinterest'><i class='fa fa-pinterest'><\/i><\/a><\/div><\/div><div  class='tile ftg-preload  '><a data-title=\"\"  rel=''  class=' tile-inner  ftg-lightbox' href='' ><img alt='' class='item' data-class='item' data-ftg-src='https:\/\/pachamamaorganic.eu\/wp-content\/uploads\/2021\/02\/pachamama_organic_plantbased_workshop_tarifa-320x320.jpg' src='https:\/\/pachamamaorganic.eu\/wp-content\/uploads\/2021\/02\/pachamama_organic_plantbased_workshop_tarifa-320x320.jpg' width='auto' height='auto' \/><span class='icon fa fa-heart-o'><\/span><div class='caption-block'><div class='text-wrapper'><\/div><\/div><\/a><div class='ftg-social'><a href='#' data-social='facebook' class='ftg-facebook'><i class='fa fa-facebook'><\/i><\/a><a href='#' data-social='pinterest' class='ftg-pinterest'><i class='fa fa-pinterest'><\/i><\/a><\/div><\/div><div  class='tile ftg-preload  '><a data-title=\"\"  rel=''  class=' tile-inner  ftg-lightbox' href='' ><img alt='' class='item' data-class='item' data-ftg-src='https:\/\/pachamamaorganic.eu\/wp-content\/uploads\/2021\/02\/pachamama_organic_vegan_food-workshop_tarifa-320x320.jpg' src='https:\/\/pachamamaorganic.eu\/wp-content\/uploads\/2021\/02\/pachamama_organic_vegan_food-workshop_tarifa-320x320.jpg' width='auto' height='auto' \/><span class='icon fa fa-heart-o'><\/span><div class='caption-block'><div class='text-wrapper'><\/div><\/div><\/a><div class='ftg-social'><a href='#' data-social='facebook' class='ftg-facebook'><i class='fa fa-facebook'><\/i><\/a><a href='#' data-social='pinterest' class='ftg-pinterest'><i class='fa fa-pinterest'><\/i><\/a><\/div><\/div><div  class='tile ftg-preload  '><a data-title=\"\"  rel=''  class=' tile-inner  ftg-lightbox' href='' ><img alt='' class='item' data-class='item' data-ftg-src='https:\/\/pachamamaorganic.eu\/wp-content\/uploads\/2021\/02\/pachamama_organic_vegetarian_workshop_marbella-320x320.jpg' src='https:\/\/pachamamaorganic.eu\/wp-content\/uploads\/2021\/02\/pachamama_organic_vegetarian_workshop_marbella-320x320.jpg' width='auto' height='auto' \/><span class='icon fa fa-heart-o'><\/span><div class='caption-block'><div class='text-wrapper'><\/div><\/div><\/a><div class='ftg-social'><a href='#' data-social='facebook' class='ftg-facebook'><i class='fa fa-facebook'><\/i><\/a><a href='#' data-social='pinterest' class='ftg-pinterest'><i class='fa fa-pinterest'><\/i><\/a><\/div><\/div><div  class='tile ftg-preload  '><a data-title=\"\"  rel=''  class=' tile-inner  ftg-lightbox' href='' ><img alt='' class='item' data-class='item' data-ftg-src='https:\/\/pachamamaorganic.eu\/wp-content\/uploads\/2021\/02\/pachamama_organic_vegan_workshop_cooking-retreat-andalucia-320x320.jpg' src='https:\/\/pachamamaorganic.eu\/wp-content\/uploads\/2021\/02\/pachamama_organic_vegan_workshop_cooking-retreat-andalucia-320x320.jpg' width='auto' height='auto' \/><span class='icon fa fa-heart-o'><\/span><div class='caption-block'><div class='text-wrapper'><\/div><\/div><\/a><div class='ftg-social'><a href='#' data-social='facebook' class='ftg-facebook'><i class='fa fa-facebook'><\/i><\/a><a href='#' data-social='pinterest' class='ftg-pinterest'><i class='fa fa-pinterest'><\/i><\/a><\/div><\/div><div  class='tile ftg-preload  '><a data-title=\"\"  rel=''  class=' tile-inner  ftg-lightbox' href='' ><img alt='' class='item' data-class='item' data-ftg-src='https:\/\/pachamamaorganic.eu\/wp-content\/uploads\/2021\/02\/pachamama_organic_plantbased_workshop_marbella-320x320.jpg' src='https:\/\/pachamamaorganic.eu\/wp-content\/uploads\/2021\/02\/pachamama_organic_plantbased_workshop_marbella-320x320.jpg' width='auto' height='auto' \/><span class='icon fa fa-heart-o'><\/span><div class='caption-block'><div class='text-wrapper'><\/div><\/div><\/a><div class='ftg-social'><a href='#' data-social='facebook' class='ftg-facebook'><i class='fa fa-facebook'><\/i><\/a><a href='#' data-social='pinterest' class='ftg-pinterest'><i class='fa fa-pinterest'><\/i><\/a><\/div><\/div><div  class='tile ftg-preload  '><a data-title=\"\"  rel=''  class=' tile-inner  ftg-lightbox' href='' ><img alt='' class='item' data-class='item' data-ftg-src='https:\/\/pachamamaorganic.eu\/wp-content\/uploads\/2021\/02\/pachamama_organic_vegan_workshop_marbella-320x320.jpg' src='https:\/\/pachamamaorganic.eu\/wp-content\/uploads\/2021\/02\/pachamama_organic_vegan_workshop_marbella-320x320.jpg' width='auto' height='auto' \/><span class='icon fa fa-heart-o'><\/span><div class='caption-block'><div class='text-wrapper'><\/div><\/div><\/a><div class='ftg-social'><a href='#' data-social='facebook' class='ftg-facebook'><i class='fa fa-facebook'><\/i><\/a><a href='#' data-social='pinterest' class='ftg-pinterest'><i class='fa fa-pinterest'><\/i><\/a><\/div><\/div><div  class='tile ftg-preload  '><a data-title=\"\"  rel=''  class=' tile-inner  ftg-lightbox' href='' ><img alt='' class='item' data-class='item' data-ftg-src='https:\/\/pachamamaorganic.eu\/wp-content\/uploads\/2021\/02\/pachamama_organic_plantbased_workshop_cooking-retreat-andalucia-320x320.jpg' src='https:\/\/pachamamaorganic.eu\/wp-content\/uploads\/2021\/02\/pachamama_organic_plantbased_workshop_cooking-retreat-andalucia-320x320.jpg' width='auto' height='auto' \/><span class='icon fa fa-heart-o'><\/span><div class='caption-block'><div class='text-wrapper'><\/div><\/div><\/a><div class='ftg-social'><a href='#' data-social='facebook' class='ftg-facebook'><i class='fa fa-facebook'><\/i><\/a><a href='#' data-social='pinterest' class='ftg-pinterest'><i class='fa fa-pinterest'><\/i><\/a><\/div><\/div><div  class='tile ftg-preload  '><a data-title=\"\"  rel=''  class=' tile-inner  ftg-lightbox' href='' ><img alt='' class='item' data-class='item' data-ftg-src='https:\/\/pachamamaorganic.eu\/wp-content\/uploads\/2021\/02\/pachamama_organic_vegetarian_workshop_nutritional-wellness-retreat-spain-320x320.jpg' src='https:\/\/pachamamaorganic.eu\/wp-content\/uploads\/2021\/02\/pachamama_organic_vegetarian_workshop_nutritional-wellness-retreat-spain-320x320.jpg' width='auto' height='auto' \/><span class='icon fa fa-heart-o'><\/span><div class='caption-block'><div class='text-wrapper'><\/div><\/div><\/a><div class='ftg-social'><a href='#' data-social='facebook' class='ftg-facebook'><i class='fa fa-facebook'><\/i><\/a><a href='#' data-social='pinterest' class='ftg-pinterest'><i class='fa fa-pinterest'><\/i><\/a><\/div><\/div><div  class='tile ftg-preload  '><a data-title=\"\"  rel=''  class=' tile-inner  ftg-lightbox' href='' ><img alt='' class='item' data-class='item' data-ftg-src='https:\/\/pachamamaorganic.eu\/wp-content\/uploads\/2021\/02\/pachamama_organic_vegetarian_workshop_tarifa-320x320.jpg' src='https:\/\/pachamamaorganic.eu\/wp-content\/uploads\/2021\/02\/pachamama_organic_vegetarian_workshop_tarifa-320x320.jpg' width='auto' height='auto' \/><span class='icon fa fa-heart-o'><\/span><div class='caption-block'><div class='text-wrapper'><\/div><\/div><\/a><div class='ftg-social'><a href='#' data-social='facebook' class='ftg-facebook'><i class='fa fa-facebook'><\/i><\/a><a href='#' data-social='pinterest' class='ftg-pinterest'><i class='fa fa-pinterest'><\/i><\/a><\/div><\/div><div  class='tile ftg-preload  '><a data-title=\"\"  rel=''  class=' tile-inner  ftg-lightbox' href='' ><img alt='' class='item' data-class='item' data-ftg-src='https:\/\/pachamamaorganic.eu\/wp-content\/uploads\/2021\/02\/pachamama_organic_wholefoods_workshop_marbella-320x320.jpg' src='https:\/\/pachamamaorganic.eu\/wp-content\/uploads\/2021\/02\/pachamama_organic_wholefoods_workshop_marbella-320x320.jpg' width='auto' height='auto' \/><span class='icon fa fa-heart-o'><\/span><div class='caption-block'><div class='text-wrapper'><\/div><\/div><\/a><div class='ftg-social'><a href='#' data-social='facebook' class='ftg-facebook'><i class='fa fa-facebook'><\/i><\/a><a href='#' data-social='pinterest' class='ftg-pinterest'><i class='fa fa-pinterest'><\/i><\/a><\/div><\/div><div  class='tile ftg-preload  '><a data-title=\"\"  rel=''  class=' tile-inner  ftg-lightbox' href='' ><img alt='' class='item' data-class='item' data-ftg-src='https:\/\/pachamamaorganic.eu\/wp-content\/uploads\/2021\/02\/pachamama_organic_wholefoods_workshop_cooking-retreat-andalucia-320x320.jpg' src='https:\/\/pachamamaorganic.eu\/wp-content\/uploads\/2021\/02\/pachamama_organic_wholefoods_workshop_cooking-retreat-andalucia-320x320.jpg' width='auto' height='auto' \/><span class='icon fa fa-heart-o'><\/span><div class='caption-block'><div class='text-wrapper'><\/div><\/div><\/a><div class='ftg-social'><a href='#' data-social='facebook' class='ftg-facebook'><i class='fa fa-facebook'><\/i><\/a><a href='#' data-social='pinterest' class='ftg-pinterest'><i class='fa fa-pinterest'><\/i><\/a><\/div><\/div><div  class='tile ftg-preload  '><a data-title=\"\"  rel=''  class=' tile-inner  ftg-lightbox' href='' ><img alt='' class='item' data-class='item' data-ftg-src='https:\/\/pachamamaorganic.eu\/wp-content\/uploads\/2021\/02\/pachamama_organic_wholefoods_workshop_nutritional-wellness-retreat-spain-320x320.jpg' src='https:\/\/pachamamaorganic.eu\/wp-content\/uploads\/2021\/02\/pachamama_organic_wholefoods_workshop_nutritional-wellness-retreat-spain-320x320.jpg' width='auto' height='auto' \/><span class='icon fa fa-heart-o'><\/span><div class='caption-block'><div class='text-wrapper'><\/div><\/div><\/a><div class='ftg-social'><a href='#' data-social='facebook' class='ftg-facebook'><i class='fa fa-facebook'><\/i><\/a><a href='#' data-social='pinterest' class='ftg-pinterest'><i class='fa fa-pinterest'><\/i><\/a><\/div><\/div><div  class='tile ftg-preload  '><a data-title=\"\"  rel=''  class=' tile-inner  ftg-lightbox' href='' ><img alt='' class='item' data-class='item' data-ftg-src='https:\/\/pachamamaorganic.eu\/wp-content\/uploads\/2021\/02\/pachamama_organic_vegetarian_workshop_cooking-retreat-andalucia-320x320.jpg' src='https:\/\/pachamamaorganic.eu\/wp-content\/uploads\/2021\/02\/pachamama_organic_vegetarian_workshop_cooking-retreat-andalucia-320x320.jpg' width='auto' height='auto' \/><span class='icon fa fa-heart-o'><\/span><div class='caption-block'><div class='text-wrapper'><\/div><\/div><\/a><div class='ftg-social'><a href='#' data-social='facebook' class='ftg-facebook'><i class='fa fa-facebook'><\/i><\/a><a href='#' data-social='pinterest' class='ftg-pinterest'><i class='fa fa-pinterest'><\/i><\/a><\/div><\/div><\/div><\/div><script type='text\/javascript'>jQuery('#ftg-1010 img.item').removeAttr('src');jQuery(document).ready(function () {setTimeout(function () {jQuery('#ftg-1010').finalTilesGallery({minTileWidth: 250,margin: 10,loadMethod: 'sequential',nonce: '719a22d0f5',galleryId: '10',layout: 'columns',debug: false,gridSize: 0,disableGridSizeBelow: 800,allowEnlargement: true,columns: [[4000, 4],[1024, 4],[800, 4],[480, 4],[320, 2]],selectedFilter: 'n-a'});jQuery(function () {(function () {var rel = '';jQuery('#ftg-1010 .ftg-lightbox').click(function (e) {rel = jQuery(this).attr('rel');jQuery('#ftg-1010 .ftg-current').removeClass('ftg-current');jQuery('#ftg-1010 [rel=\"'+rel+'\"]').addClass('ftg-current');});})();});}, 0);});window.fbAsyncInit = function() { \r    FB.init({ \r      appId            : '1447224948871585', \r      autoLogAppEvents : true,\r      xfbml            : true, \r      version          : 'v2.10' \r    }); \r    FB.AppEvents.logPageView(); \r  }; \r  \r  (function(d, s, id){ \r     var js, fjs = d.getElementsByTagName(s)[0]; \r     if (d.getElementById(id)) {return;} \r     js = d.createElement(s); js.id = id; \r     js.src = '\/\/connect.facebook.net\/en_US\/sdk.js'; \r     fjs.parentNode.insertBefore(js, fjs); \r   }(document, 'script', 'facebook-jssdk'));<\/script><br \/>\nNos encanta ofrecer talleres hol\u00edsticos sobre comida natural y org\u00e1nica, son una incorporaci\u00f3n excelente para cualquier retiro sea cual sea la disciplina.<\/p>\n<p>Las t\u00e9cnicas de cocina, recetas y demostraciones conscientes se mezclan con charlas y presentaciones sobre la filosof\u00eda gastron\u00f3mica hol\u00edstica, nutrici\u00f3n y huerta org\u00e1nica. Algunos de los temas incluidos en los talleres son:<\/p>\n<ul>\n<li>C\u00f3mo hacer la transici\u00f3n f\u00e1cilmente hacia un estilo de vida org\u00e1nico\u00ad y natural<\/li>\n<li>La despensa org\u00e1nica y natural<\/li>\n<li>Planificaci\u00f3n de men\u00fas para los m\u00e1s ocupados<\/li>\n<li>Recetas<\/li>\n<li>Germinados, fermentados y conservas<\/li>\n<li>Huerta f\u00e1cil<\/li>\n<\/ul>\n<p>Los talleres se presentan de manera sencilla de seguir, donde se anima a los participantes a hacer preguntas y \u201cexprimirnos\u201d para conseguir informaci\u00f3n. Nos gusta alentar a los participantes a probar cosas nuevas en su cocina y en su huerta y tambi\u00e9n les damos material por escrito para llevarse a casa. Los talleres pueden durar desde un d\u00eda hasta una semana.<\/p>\n<p>P\u00f3ngase en <a href=\"https:\/\/pachamamaorganic.eu\/es\/connect\/\">contacto con nosotros<\/a> si le gustar\u00eda incluir un taller sobre comida org\u00e1nica y natural durante su retiro y le gustar\u00eda saber m\u00e1s.<\/p>\n<p>Adem\u00e1s de los talleres como complemento a los retiros, estamos trabajando para crear talleres por s\u00ed solos que duren un d\u00eda y fines de semana de comida org\u00e1nica y natural en localizaciones que inspiren.<\/p>\n<p>Y tenemos ideas muy interesantes ferment\u00e1ndose para traeros nuestros propios retiros en conjunci\u00f3n con maestros de yoga de nivel internacional que ofrecer\u00e1n un yoga \u00fanico y transformador, talleres de comida org\u00e1nica y natural, rituales, danza y otros elementos sorprendentes.<\/p>\n<p>Subscr\u00edbete a la Gaceta de la Pachamama Organic que encontrar\u00e1s a la derecha de esta p\u00e1gina para recibir noticias y fechas de los retiros o s\u00edguenos en <a href=\"https:\/\/www.facebook.com\/lapachamamaorganic\/\">Facebook<\/a> e <a href=\"https:\/\/www.instagram.com\/pachamamaorganic\/\">Instagram<\/a><\/p>\n","protected":false},"excerpt":{"rendered":"<p>Nos encanta ofrecer talleres hol\u00edsticos sobre comida natural y org\u00e1nica, son una incorporaci\u00f3n excelente para cualquier retiro sea cual sea la disciplina. Las t\u00e9cnicas de cocina, recetas y demostraciones conscientes se mezclan con charlas y presentaciones sobre la filosof\u00eda gastron\u00f3mica hol\u00edstica, nutrici\u00f3n y huerta org\u00e1nica. Algunos de los temas incluidos en los talleres son: C\u00f3mo&#8230;<\/p>\n<p><a class=\"more-link\" href=\"https:\/\/pachamamaorganic.eu\/es\/colabora-con-nosotros\/talleres\/\">Read More<\/a><\/p>","protected":false},"author":3,"featured_media":0,"parent":488,"menu_order":0,"comment_status":"closed","ping_status":"closed","template":"","meta":{"_exactmetrics_skip_tracking":false,"_exactmetrics_sitenote_active":false,"_exactmetrics_sitenote_note":"","_exactmetrics_sitenote_category":0,"_genesis_hide_title":false,"_genesis_hide_breadcrumbs":false,"_genesis_hide_singular_image":false,"_genesis_hide_footer_widgets":false,"_genesis_custom_body_class":"","_genesis_custom_post_class":"","_genesis_layout":"","footnotes":""},"class_list":{"0":"post-500","1":"page","2":"type-page","3":"status-publish","5":"entry"},"_links":{"self":[{"href":"https:\/\/pachamamaorganic.eu\/es\/wp-json\/wp\/v2\/pages\/500","targetHints":{"allow":["GET"]}}],"collection":[{"href":"https:\/\/pachamamaorganic.eu\/es\/wp-json\/wp\/v2\/pages"}],"about":[{"href":"https:\/\/pachamamaorganic.eu\/es\/wp-json\/wp\/v2\/types\/page"}],"author":[{"embeddable":true,"href":"https:\/\/pachamamaorganic.eu\/es\/wp-json\/wp\/v2\/users\/3"}],"replies":[{"embeddable":true,"href":"https:\/\/pachamamaorganic.eu\/es\/wp-json\/wp\/v2\/comments?post=500"}],"version-history":[{"count":3,"href":"https:\/\/pachamamaorganic.eu\/es\/wp-json\/wp\/v2\/pages\/500\/revisions"}],"predecessor-version":[{"id":984,"href":"https:\/\/pachamamaorganic.eu\/es\/wp-json\/wp\/v2\/pages\/500\/revisions\/984"}],"up":[{"embeddable":true,"href":"https:\/\/pachamamaorganic.eu\/es\/wp-json\/wp\/v2\/pages\/488"}],"wp:attachment":[{"href":"https:\/\/pachamamaorganic.eu\/es\/wp-json\/wp\/v2\/media?parent=500"}],"curies":[{"name":"wp","href":"https:\/\/api.w.org\/{rel}","templated":true}]}}