{"id":610,"date":"2020-08-08T17:53:16","date_gmt":"2020-08-08T15:53:16","guid":{"rendered":"http:\/\/www.pachamamaorganic.eu\/?page_id=610"},"modified":"2021-06-30T17:23:30","modified_gmt":"2021-06-30T15:23:30","slug":"buy-the-cookbook","status":"publish","type":"page","link":"https:\/\/pachamamaorganic.eu\/es\/","title":{"rendered":"Compra The Cookbook ahora!"},"content":{"rendered":"\n<p><a href=\"https:\/\/igg.me\/at\/pachamamaorganic\">Pachamama &#8211; The Cookbook<\/a> es la culminaci\u00f3n de 10 a\u00f1os de nuestro aprendizaje, prueba, degustaci\u00f3n, ajuste, exploraci\u00f3n y experimentaci\u00f3n con recetas de origen vegetal.<br><br>Pero lo m\u00e1s significativo es, ultimamente, la historia de nuestro amor por la naturaleza y la magia de las plantas. <br><br>\u00a1Queremos compartir esa pasi\u00f3n y gratitud contigo!<\/p>\n\n\n\n<figure class=\"wp-block-image size-large\"><a href=\"https:\/\/igg.me\/at\/pachamamaorganic\"><img loading=\"lazy\" decoding=\"async\" width=\"1024\" height=\"176\" src=\"https:\/\/pachamamaorganic.eu\/wp-content\/uploads\/2020\/09\/header-the-cookbook-website-1-1024x176.jpg\" alt=\"\" class=\"wp-image-629\" srcset=\"https:\/\/pachamamaorganic.eu\/wp-content\/uploads\/2020\/09\/header-the-cookbook-website-1-1024x176.jpg 1024w, https:\/\/pachamamaorganic.eu\/wp-content\/uploads\/2020\/09\/header-the-cookbook-website-1-300x52.jpg 300w, https:\/\/pachamamaorganic.eu\/wp-content\/uploads\/2020\/09\/header-the-cookbook-website-1-768x132.jpg 768w, https:\/\/pachamamaorganic.eu\/wp-content\/uploads\/2020\/09\/header-the-cookbook-website-1-1536x264.jpg 1536w, https:\/\/pachamamaorganic.eu\/wp-content\/uploads\/2020\/09\/header-the-cookbook-website-1-scaled.jpg 2048w\" sizes=\"auto, (max-width: 1024px) 100vw, 1024px\" \/><\/a><\/figure>\n\n\n\n<figure class=\"wp-block-embed-vimeo wp-block-embed is-type-video is-provider-vimeo wp-embed-aspect-4-3 wp-has-aspect-ratio\"><div class=\"wp-block-embed__wrapper\">\n<iframe loading=\"lazy\" title=\"Pre-Order &#039;The Cookbook&#039; by La Pachamama Organic\" src=\"https:\/\/player.vimeo.com\/video\/445894727?dnt=1&amp;app_id=122963\" width=\"848\" height=\"480\" frameborder=\"0\" allow=\"autoplay; fullscreen\" allowfullscreen><\/iframe>\n<\/div><\/figure>\n","protected":false},"excerpt":{"rendered":"<p>Pachamama &#8211; The Cookbook es la culminaci\u00f3n de 10 a\u00f1os de nuestro aprendizaje, prueba, degustaci\u00f3n, ajuste, exploraci\u00f3n y experimentaci\u00f3n con recetas de origen vegetal. Pero lo m\u00e1s significativo es, ultimamente, la historia de nuestro amor por la naturaleza y la magia de las plantas. \u00a1Queremos compartir esa pasi\u00f3n y gratitud contigo!<\/p>\n<p><a class=\"more-link\" href=\"https:\/\/pachamamaorganic.eu\/es\/\">Read More<\/a><\/p>","protected":false},"author":3,"featured_media":0,"parent":0,"menu_order":0,"comment_status":"closed","ping_status":"closed","template":"","meta":{"_exactmetrics_skip_tracking":false,"_exactmetrics_sitenote_active":false,"_exactmetrics_sitenote_note":"","_exactmetrics_sitenote_category":0,"_genesis_hide_title":false,"_genesis_hide_breadcrumbs":false,"_genesis_hide_singular_image":false,"_genesis_hide_footer_widgets":false,"_genesis_custom_body_class":"","_genesis_custom_post_class":"","_genesis_layout":"","footnotes":""},"class_list":{"0":"post-610","1":"page","2":"type-page","3":"status-publish","5":"entry","6":"has-post-thumbnail"},"_links":{"self":[{"href":"https:\/\/pachamamaorganic.eu\/es\/wp-json\/wp\/v2\/pages\/610","targetHints":{"allow":["GET"]}}],"collection":[{"href":"https:\/\/pachamamaorganic.eu\/es\/wp-json\/wp\/v2\/pages"}],"about":[{"href":"https:\/\/pachamamaorganic.eu\/es\/wp-json\/wp\/v2\/types\/page"}],"author":[{"embeddable":true,"href":"https:\/\/pachamamaorganic.eu\/es\/wp-json\/wp\/v2\/users\/3"}],"replies":[{"embeddable":true,"href":"https:\/\/pachamamaorganic.eu\/es\/wp-json\/wp\/v2\/comments?post=610"}],"version-history":[{"count":3,"href":"https:\/\/pachamamaorganic.eu\/es\/wp-json\/wp\/v2\/pages\/610\/revisions"}],"predecessor-version":[{"id":631,"href":"https:\/\/pachamamaorganic.eu\/es\/wp-json\/wp\/v2\/pages\/610\/revisions\/631"}],"wp:attachment":[{"href":"https:\/\/pachamamaorganic.eu\/es\/wp-json\/wp\/v2\/media?parent=610"}],"curies":[{"name":"wp","href":"https:\/\/api.w.org\/{rel}","templated":true}]}}